{"id":74,"date":"2019-03-09T14:38:45","date_gmt":"2019-03-09T13:38:45","guid":{"rendered":"https:\/\/kiga-flexstr.de\/?page_id=74"},"modified":"2025-03-12T21:15:08","modified_gmt":"2025-03-12T20:15:08","slug":"termine","status":"publish","type":"page","link":"https:\/\/kiga-flexstr.de\/?page_id=74","title":{"rendered":"Termine"},"content":{"rendered":"\n<h2 class=\"wp-block-heading\">2024 \/ 2025<\/h2>\n\n\n\n<p><a href=\"https:\/\/kiga-flexstr.de\/?page_id=412\">hier geht es zu den Schlie\u00dfungstagen<\/a><\/p>\n\n\n\n<h2 class=\"wp-block-heading\"><strong>August <\/strong><\/h2>\n\n\n\n<ul class=\"wp-block-list\">\n<li>19.08. Gruppe 2 Besuch der Stadtteilb\u00fccherei<\/li>\n\n\n\n<li>25.08. Rossmarkt-Inselstr.\/ Waffelstand der Elternini<\/li>\n\n\n\n<li>28.08. Infoveranstaltung der Grundschulen-Inselstr.<\/li>\n\n\n\n<li>30.08. Andacht mit Pfarrerin Frau Ernsting, hier im Kiga<\/li>\n<\/ul>\n\n\n\n<h2 class=\"wp-block-heading\"><strong>September<\/strong><\/h2>\n\n\n\n<ul class=\"wp-block-list\">\n<li>02.09. Zahnprophylaxe des Mundhygienezentums Gruppe 2<\/li>\n\n\n\n<li>03.09. Zahnprophylaxe Gruppe 1<\/li>\n\n\n\n<li>04.09. Vorsch\u00fcler besuchen das Mundhygienezentrum<\/li>\n\n\n\n<li>16.09. Gruppe 2 geht ins Schnipselkino &#8222;Josi und seine Freunde\u201c<\/li>\n\n\n\n<li>17.09. Gruppe 2 Besuch der Stadtteilb\u00fccherei<\/li>\n\n\n\n<li><strong>19.09. Elternabend hier im Kiga, 19.00 Uhr<\/strong><\/li>\n\n\n\n<li>23.09. Infoveranstaltung f\u00fcr Eltern zum Thema Vorlesen<\/li>\n\n\n\n<li>27.09. Andacht mit Pfarrerin Frau Ernsting, hier im Kiga<\/li>\n\n\n\n<li>30.09. Gruppe 2 besucht die Senioren\/ Seniorenheim<\/li>\n<\/ul>\n\n\n\n<h2 class=\"wp-block-heading\"><strong>Oktober<\/strong><\/h2>\n\n\n\n<ul class=\"wp-block-list\">\n<li>18.10. Andacht mit Pfarrerin Frau Ernsting, hier im Kiga<\/li>\n\n\n\n<li>28.10. Gruppe 2 Besuch der Stadtteilb\u00fccherei <\/li>\n\n\n\n<li>31.10. Gruppe 1 Laternenbasteln mit einem <strong>Familienmitglied + Kind 14.30-16.00 Uhr<\/strong><\/li>\n<\/ul>\n\n\n\n<h2 class=\"wp-block-heading\"><strong>November<\/strong><\/h2>\n\n\n\n<ul class=\"wp-block-list\">\n<li><strong>04.11. Konzeptionstag, Kiga geschlossen<\/strong><\/li>\n\n\n\n<li>05.11. Gruppe2 Laternenbasteln mit einem <strong>Familienmitglied + Kind 14.30-16.00 Uhr<\/strong><\/li>\n\n\n\n<li>11.11. internes Laternenfest nur f\u00fcr Kinder vormittags<\/li>\n\n\n\n<li>18.11. Gruppe 2 Besuch der Stadtteilb\u00fccherei<\/li>\n<\/ul>\n\n\n\n<h2 class=\"wp-block-heading\"><strong>Dezember<\/strong><\/h2>\n\n\n\n<ul class=\"wp-block-list\">\n<li>06.12. Nikolaus- gemeinsames Fr\u00fchst\u00fcck aller Kinder<\/li>\n\n\n\n<li>09.12. Gruppe 2 Pl\u00e4tzchenbacken im Seniorenheim<\/li>\n\n\n\n<li><strong>14. + 15.12 Weihnachtsallee Waffelstand + Verkauf von Handgefertigtem<\/strong><\/li>\n\n\n\n<li>16.12. Gruppe 2 Besuch der Stadtteilb\u00fccherei<\/li>\n\n\n\n<li><strong>20.12. Gemeinsamer Familiengottesdienst in der Alten Kirche und anschlie\u00dfender<\/strong><\/li>\n\n\n\n<li><strong>          Weihnachtlicher Feier mit gro\u00dfer \u00dcberraschung f\u00fcr alle Kinder im<\/strong><\/li>\n\n\n\n<li><strong>          Gemeindehaus Inselstr.19, 14.30- ca. 17.00 Uhr<\/strong><\/li>\n\n\n\n<li><strong>23.12.-31.12.2024 Weihnachtsferien<\/strong><\/li>\n<\/ul>\n\n\n\n<h2 class=\"wp-block-heading\"><strong>VORAUSSCHAU auf Termine 2025<\/strong><\/h2>\n\n\n\n<ul class=\"wp-block-list\">\n<li>03.02 .- 07.02. Kinderbibeltage im Kindergarten<\/li>\n\n\n\n<li>So. 09.02. Familiengottesdienst<\/li>\n\n\n\n<li><strong>19.02. Fachtag, Kiga geschlossen<\/strong><\/li>\n\n\n\n<li><strong>Im Mai 10 Jahre Elternini- Sommerfest im Kindergarten<\/strong><\/li>\n\n\n\n<li><strong>04.07. Abschlussgottesdienst der Vorsch\u00fcler f\u00fcr alle-Alte Kirche 15.00 Uhr<\/strong><\/li>\n\n\n\n<li><strong>10.07. Rauswurf der Vorschulkinder<\/strong><\/li>\n\n\n\n<li><strong>11.07. p\u00e4dagogischer Tag, Kiga geschlossen<\/strong><\/li>\n<\/ul>\n","protected":false},"excerpt":{"rendered":"<p>2024 \/ 2025 hier geht es zu den Schlie\u00dfungstagen August September Oktober November Dezember VORAUSSCHAU auf Termine 2025<\/p>\n","protected":false},"author":2,"featured_media":0,"parent":64,"menu_order":0,"comment_status":"closed","ping_status":"closed","template":"page-templates\/no-sidebar.php","meta":{"jetpack_post_was_ever_published":false,"footnotes":""},"class_list":["post-74","page","type-page","status-publish","hentry"],"jetpack_sharing_enabled":true,"jetpack_shortlink":"https:\/\/wp.me\/PaMEd8-1c","_links":{"self":[{"href":"https:\/\/kiga-flexstr.de\/index.php?rest_route=\/wp\/v2\/pages\/74","targetHints":{"allow":["GET"]}}],"collection":[{"href":"https:\/\/kiga-flexstr.de\/index.php?rest_route=\/wp\/v2\/pages"}],"about":[{"href":"https:\/\/kiga-flexstr.de\/index.php?rest_route=\/wp\/v2\/types\/page"}],"author":[{"embeddable":true,"href":"https:\/\/kiga-flexstr.de\/index.php?rest_route=\/wp\/v2\/users\/2"}],"replies":[{"embeddable":true,"href":"https:\/\/kiga-flexstr.de\/index.php?rest_route=%2Fwp%2Fv2%2Fcomments&post=74"}],"version-history":[{"count":74,"href":"https:\/\/kiga-flexstr.de\/index.php?rest_route=\/wp\/v2\/pages\/74\/revisions"}],"predecessor-version":[{"id":1060,"href":"https:\/\/kiga-flexstr.de\/index.php?rest_route=\/wp\/v2\/pages\/74\/revisions\/1060"}],"up":[{"embeddable":true,"href":"https:\/\/kiga-flexstr.de\/index.php?rest_route=\/wp\/v2\/pages\/64"}],"wp:attachment":[{"href":"https:\/\/kiga-flexstr.de\/index.php?rest_route=%2Fwp%2Fv2%2Fmedia&parent=74"}],"curies":[{"name":"wp","href":"https:\/\/api.w.org\/{rel}","templated":true}]}}