{"id":64,"date":"2019-03-09T15:04:04","date_gmt":"2019-03-09T14:04:04","guid":{"rendered":"https:\/\/kiga-flexstr.de\/?page_id=64"},"modified":"2019-11-18T14:48:28","modified_gmt":"2019-11-18T13:48:28","slug":"elternitiative","status":"publish","type":"page","link":"https:\/\/kiga-flexstr.de\/?page_id=64","title":{"rendered":"Elternitiative"},"content":{"rendered":"\n<h2 class=\"wp-block-heading\">Vereinsarbeit<\/h2>\n\n\n\n<h4 class=\"wp-block-heading\">\n\nev. Elternitiative Kindergarten Flexstr. e.V.\n\n<\/h4>\n\n\n\n<p>Da wir eine Elterninitiative sind, haben die Eltern viele M\u00f6glichkeiten im Alltag mitzuwirken. <\/p>\n\n\n\n<p>Wir sind ein kleiner,\nvon Eltern und ErzieherInnen selbstverwalteter Kindergarten. Unsere Rechtsform\nist die eines Vereins, in dem die Eltern Mitglied sind und neben einem\nVertreter der ev. Kirche auch im Vorstand mitarbeiten. Dadurch haben die Eltern\ngro\u00dfen Einfluss auf alle Belange und die Entwicklung des Vereins. Das hei\u00dft\naber auch, Verantwortung zu tragen und sich ehrenamtlich zu engagieren. Dieses\nEngagement zeigt sich neben der Vorstandsarbeit in T\u00e4tigkeiten wie\nVerwaltungsarbeiten, Putzen, Kochen, Hausmeistert\u00e4tigkeiten etc. Dadurch\nerreichen wir eine hohe Identifikation der Eltern mit dem Kindergarten. Und\nkeine Sorge, jeder ist mal dran, geregelt wird dies \u00fcber einen vom Elternrat\nerstellten Jahresplan.<\/p>\n\n\n\n<p>Kurz etwas zur\nHistorie von Elterninitiativen: <\/p>\n\n\n\n<p>Elterninitiativen\nhaben in der BRD eine lange bis in die 1968er Bewegung zur\u00fcckreichende\nGeschichte. Die Motivation zur Gr\u00fcndung von Elterninitiativen (umgangssprachlich\nauch Kinderl\u00e4den genannt, weil alte Ladenr\u00e4ume angemietet wurden) bestand in\nder Kritik an der autorit\u00e4ren P\u00e4dagogik als Ausdruck einer autorit\u00e4ren\nGesellschaft und die daraus resultierende Suche nach gesellschaftlichen und\np\u00e4dagogischen Alternativen.<\/p>\n\n\n\n<p>Unser p\u00e4dagogisches Konzept k\u00f6nnen Sie <a href=\"https:\/\/kiga-flexstr.de\/?page_id=242\">hier<\/a> einsehen.<\/p>\n\n\n\n<p>Haben Sie Lust,\nTeil einer tollen Eltern-\/Kinder- und Erziehergemeinschaft zu werden? Dann\nrufen Sie uns an: 02 02 \u2013 94 69 76 85<\/p>\n\n\n\n<p><\/p>\n","protected":false},"excerpt":{"rendered":"<p>Vereinsarbeit ev. Elternitiative Kindergarten Flexstr. e.V. Da wir eine Elterninitiative sind, haben die Eltern viele M\u00f6glichkeiten im Alltag mitzuwirken. Wir &hellip; <a href=\"https:\/\/kiga-flexstr.de\/?page_id=64\" class=\"more-link\">Continue reading <span class=\"screen-reader-text\">Elternitiative<\/span><\/a><\/p>\n","protected":false},"author":2,"featured_media":0,"parent":0,"menu_order":0,"comment_status":"closed","ping_status":"closed","template":"page-templates\/no-sidebar.php","meta":{"footnotes":""},"class_list":["post-64","page","type-page","status-publish","hentry"],"jetpack_sharing_enabled":true,"jetpack_shortlink":"https:\/\/wp.me\/PaMEd8-12","_links":{"self":[{"href":"https:\/\/kiga-flexstr.de\/index.php?rest_route=\/wp\/v2\/pages\/64","targetHints":{"allow":["GET"]}}],"collection":[{"href":"https:\/\/kiga-flexstr.de\/index.php?rest_route=\/wp\/v2\/pages"}],"about":[{"href":"https:\/\/kiga-flexstr.de\/index.php?rest_route=\/wp\/v2\/types\/page"}],"author":[{"embeddable":true,"href":"https:\/\/kiga-flexstr.de\/index.php?rest_route=\/wp\/v2\/users\/2"}],"replies":[{"embeddable":true,"href":"https:\/\/kiga-flexstr.de\/index.php?rest_route=%2Fwp%2Fv2%2Fcomments&post=64"}],"version-history":[{"count":5,"href":"https:\/\/kiga-flexstr.de\/index.php?rest_route=\/wp\/v2\/pages\/64\/revisions"}],"predecessor-version":[{"id":363,"href":"https:\/\/kiga-flexstr.de\/index.php?rest_route=\/wp\/v2\/pages\/64\/revisions\/363"}],"wp:attachment":[{"href":"https:\/\/kiga-flexstr.de\/index.php?rest_route=%2Fwp%2Fv2%2Fmedia&parent=64"}],"curies":[{"name":"wp","href":"https:\/\/api.w.org\/{rel}","templated":true}]}}